{"id":2190,"date":"2019-02-10T18:45:45","date_gmt":"2019-02-10T17:45:45","guid":{"rendered":"http:\/\/esti-immobilier.fr\/?page_id=2190"},"modified":"2022-04-16T22:16:17","modified_gmt":"2022-04-16T20:16:17","slug":"investissement","status":"publish","type":"page","link":"https:\/\/esti-immobilier.fr\/index.php\/investissement\/","title":{"rendered":"Investissement"},"content":{"rendered":"\n<p>Vous souhaitez constituer ou d\u00e9velopper un patrimoine immobilier, pr\u00e9parer votre retraite, avoir des revenus compl\u00e9mentaires, alors contacter nous pour discuter de votre projet. Nous pourrons vous conseiller, vous accompagner et \u00e9galement vous proposer des biens d&rsquo;investissements en exclusivit\u00e9&#8230;<\/p>\n","protected":false},"excerpt":{"rendered":"<p>Vous souhaitez constituer ou d\u00e9velopper un patrimoine immobilier, pr\u00e9parer votre retraite, avoir des revenus compl\u00e9mentaires, alors contacter nous pour discuter de votre projet. Nous pourrons vous conseiller, vous accompagner et \u00e9galement vous proposer des biens d&rsquo;investissements en exclusivit\u00e9&#8230;<\/p>\n","protected":false},"author":1,"featured_media":56,"parent":0,"menu_order":0,"comment_status":"closed","ping_status":"closed","template":"","meta":[],"yoast_head":"<!-- This site is optimized with the Yoast SEO plugin v18.4.1 - https:\/\/yoast.com\/wordpress\/plugins\/seo\/ -->\n<title>Investissement - Esti immobilier<\/title>\n<meta name=\"robots\" content=\"index, follow, max-snippet:-1, max-image-preview:large, max-video-preview:-1\" \/>\n<link rel=\"canonical\" href=\"https:\/\/esti-immobilier.fr\/index.php\/investissement\/\" \/>\n<meta property=\"og:locale\" content=\"fr_FR\" \/>\n<meta property=\"og:type\" content=\"article\" \/>\n<meta property=\"og:title\" content=\"Investissement - Esti immobilier\" \/>\n<meta property=\"og:description\" content=\"Vous souhaitez constituer ou d\u00e9velopper un patrimoine immobilier, pr\u00e9parer votre retraite, avoir des revenus compl\u00e9mentaires, alors contacter nous pour discuter de votre projet. Nous pourrons vous conseiller, vous accompagner et \u00e9galement vous proposer des biens d&rsquo;investissements en exclusivit\u00e9&#8230;\" \/>\n<meta property=\"og:url\" content=\"https:\/\/esti-immobilier.fr\/index.php\/investissement\/\" \/>\n<meta property=\"og:site_name\" content=\"Esti immobilier\" \/>\n<meta property=\"article:modified_time\" content=\"2022-04-16T20:16:17+00:00\" \/>\n<meta property=\"og:image\" content=\"https:\/\/esti-immobilier.fr\/wp-content\/uploads\/2019\/02\/casual-sitting-area-with-cactus_4460x4460.jpg\" \/>\n\t<meta property=\"og:image:width\" content=\"4460\" \/>\n\t<meta property=\"og:image:height\" content=\"2977\" \/>\n\t<meta property=\"og:image:type\" content=\"image\/jpeg\" \/>\n<meta name=\"twitter:card\" content=\"summary_large_image\" \/>\n<meta name=\"twitter:label1\" content=\"Dur\u00e9e de lecture estim\u00e9e\" \/>\n\t<meta name=\"twitter:data1\" content=\"1 minute\" \/>\n<script type=\"application\/ld+json\" class=\"yoast-schema-graph\">{\"@context\":\"https:\/\/schema.org\",\"@graph\":[{\"@type\":\"WebSite\",\"@id\":\"https:\/\/esti-immobilier.fr\/#website\",\"url\":\"https:\/\/esti-immobilier.fr\/\",\"name\":\"Esti immobilier\",\"description\":\"Achat - Vente - Location - Investissement\",\"potentialAction\":[{\"@type\":\"SearchAction\",\"target\":{\"@type\":\"EntryPoint\",\"urlTemplate\":\"https:\/\/esti-immobilier.fr\/?s={search_term_string}\"},\"query-input\":\"required name=search_term_string\"}],\"inLanguage\":\"fr-FR\"},{\"@type\":\"ImageObject\",\"@id\":\"https:\/\/esti-immobilier.fr\/index.php\/investissement\/#primaryimage\",\"inLanguage\":\"fr-FR\",\"url\":\"https:\/\/esti-immobilier.fr\/wp-content\/uploads\/2019\/02\/casual-sitting-area-with-cactus_4460x4460.jpg\",\"contentUrl\":\"https:\/\/esti-immobilier.fr\/wp-content\/uploads\/2019\/02\/casual-sitting-area-with-cactus_4460x4460.jpg\",\"width\":4460,\"height\":2977},{\"@type\":\"WebPage\",\"@id\":\"https:\/\/esti-immobilier.fr\/index.php\/investissement\/#webpage\",\"url\":\"https:\/\/esti-immobilier.fr\/index.php\/investissement\/\",\"name\":\"Investissement - Esti immobilier\",\"isPartOf\":{\"@id\":\"https:\/\/esti-immobilier.fr\/#website\"},\"primaryImageOfPage\":{\"@id\":\"https:\/\/esti-immobilier.fr\/index.php\/investissement\/#primaryimage\"},\"datePublished\":\"2019-02-10T17:45:45+00:00\",\"dateModified\":\"2022-04-16T20:16:17+00:00\",\"breadcrumb\":{\"@id\":\"https:\/\/esti-immobilier.fr\/index.php\/investissement\/#breadcrumb\"},\"inLanguage\":\"fr-FR\",\"potentialAction\":[{\"@type\":\"ReadAction\",\"target\":[\"https:\/\/esti-immobilier.fr\/index.php\/investissement\/\"]}]},{\"@type\":\"BreadcrumbList\",\"@id\":\"https:\/\/esti-immobilier.fr\/index.php\/investissement\/#breadcrumb\",\"itemListElement\":[{\"@type\":\"ListItem\",\"position\":1,\"name\":\"Accueil\",\"item\":\"https:\/\/esti-immobilier.fr\/\"},{\"@type\":\"ListItem\",\"position\":2,\"name\":\"Investissement\"}]}]}<\/script>\n<!-- \/ Yoast SEO plugin. -->","yoast_head_json":{"title":"Investissement - Esti immobilier","robots":{"index":"index","follow":"follow","max-snippet":"max-snippet:-1","max-image-preview":"max-image-preview:large","max-video-preview":"max-video-preview:-1"},"canonical":"https:\/\/esti-immobilier.fr\/index.php\/investissement\/","og_locale":"fr_FR","og_type":"article","og_title":"Investissement - Esti immobilier","og_description":"Vous souhaitez constituer ou d\u00e9velopper un patrimoine immobilier, pr\u00e9parer votre retraite, avoir des revenus compl\u00e9mentaires, alors contacter nous pour discuter de votre projet. Nous pourrons vous conseiller, vous accompagner et \u00e9galement vous proposer des biens d&rsquo;investissements en exclusivit\u00e9&#8230;","og_url":"https:\/\/esti-immobilier.fr\/index.php\/investissement\/","og_site_name":"Esti immobilier","article_modified_time":"2022-04-16T20:16:17+00:00","og_image":[{"width":4460,"height":2977,"url":"https:\/\/esti-immobilier.fr\/wp-content\/uploads\/2019\/02\/casual-sitting-area-with-cactus_4460x4460.jpg","type":"image\/jpeg"}],"twitter_card":"summary_large_image","twitter_misc":{"Dur\u00e9e de lecture estim\u00e9e":"1 minute"},"schema":{"@context":"https:\/\/schema.org","@graph":[{"@type":"WebSite","@id":"https:\/\/esti-immobilier.fr\/#website","url":"https:\/\/esti-immobilier.fr\/","name":"Esti immobilier","description":"Achat - Vente - Location - Investissement","potentialAction":[{"@type":"SearchAction","target":{"@type":"EntryPoint","urlTemplate":"https:\/\/esti-immobilier.fr\/?s={search_term_string}"},"query-input":"required name=search_term_string"}],"inLanguage":"fr-FR"},{"@type":"ImageObject","@id":"https:\/\/esti-immobilier.fr\/index.php\/investissement\/#primaryimage","inLanguage":"fr-FR","url":"https:\/\/esti-immobilier.fr\/wp-content\/uploads\/2019\/02\/casual-sitting-area-with-cactus_4460x4460.jpg","contentUrl":"https:\/\/esti-immobilier.fr\/wp-content\/uploads\/2019\/02\/casual-sitting-area-with-cactus_4460x4460.jpg","width":4460,"height":2977},{"@type":"WebPage","@id":"https:\/\/esti-immobilier.fr\/index.php\/investissement\/#webpage","url":"https:\/\/esti-immobilier.fr\/index.php\/investissement\/","name":"Investissement - Esti immobilier","isPartOf":{"@id":"https:\/\/esti-immobilier.fr\/#website"},"primaryImageOfPage":{"@id":"https:\/\/esti-immobilier.fr\/index.php\/investissement\/#primaryimage"},"datePublished":"2019-02-10T17:45:45+00:00","dateModified":"2022-04-16T20:16:17+00:00","breadcrumb":{"@id":"https:\/\/esti-immobilier.fr\/index.php\/investissement\/#breadcrumb"},"inLanguage":"fr-FR","potentialAction":[{"@type":"ReadAction","target":["https:\/\/esti-immobilier.fr\/index.php\/investissement\/"]}]},{"@type":"BreadcrumbList","@id":"https:\/\/esti-immobilier.fr\/index.php\/investissement\/#breadcrumb","itemListElement":[{"@type":"ListItem","position":1,"name":"Accueil","item":"https:\/\/esti-immobilier.fr\/"},{"@type":"ListItem","position":2,"name":"Investissement"}]}]}},"_links":{"self":[{"href":"https:\/\/esti-immobilier.fr\/index.php\/wp-json\/wp\/v2\/pages\/2190"}],"collection":[{"href":"https:\/\/esti-immobilier.fr\/index.php\/wp-json\/wp\/v2\/pages"}],"about":[{"href":"https:\/\/esti-immobilier.fr\/index.php\/wp-json\/wp\/v2\/types\/page"}],"author":[{"embeddable":true,"href":"https:\/\/esti-immobilier.fr\/index.php\/wp-json\/wp\/v2\/users\/1"}],"replies":[{"embeddable":true,"href":"https:\/\/esti-immobilier.fr\/index.php\/wp-json\/wp\/v2\/comments?post=2190"}],"version-history":[{"count":6,"href":"https:\/\/esti-immobilier.fr\/index.php\/wp-json\/wp\/v2\/pages\/2190\/revisions"}],"predecessor-version":[{"id":2286,"href":"https:\/\/esti-immobilier.fr\/index.php\/wp-json\/wp\/v2\/pages\/2190\/revisions\/2286"}],"wp:featuredmedia":[{"embeddable":true,"href":"https:\/\/esti-immobilier.fr\/index.php\/wp-json\/wp\/v2\/media\/56"}],"wp:attachment":[{"href":"https:\/\/esti-immobilier.fr\/index.php\/wp-json\/wp\/v2\/media?parent=2190"}],"curies":[{"name":"wp","href":"https:\/\/api.w.org\/{rel}","templated":true}]}}