{"id":18,"date":"2019-02-04T21:32:50","date_gmt":"2019-02-04T20:32:50","guid":{"rendered":"http:\/\/esti-immobilier.fr\/?page_id=18"},"modified":"2019-02-06T19:10:22","modified_gmt":"2019-02-06T18:10:22","slug":"contact","status":"publish","type":"page","link":"https:\/\/esti-immobilier.fr\/index.php\/contact\/","title":{"rendered":"Contact"},"content":{"rendered":"<h1 class='scf-title'>Nous contacter<\/h1> <div id=\"send\"><\/div> <form class=\"scf-form\" action=\"\/index.php\/wp-json\/wp\/v2\/pages\/18\" method=\"post\"><div>Nom - Pr\u00e9nom <span class='required'><\/span><\/div><input type=\"text\" name=\"seos-name\" value=\"\" size=\"50\" \/><\/p><p><div>Num\u00e9ro de t\u00e9l\u00e9phone <span class='required'><\/span><\/div><input type=\"text\" name=\"seos-phone\" pattern=\"[0-9 ]+\" value=\"\" size=\"50\" \/><\/p><p><div>Email <span class='required'><\/span><\/div><input type=\"email\" name=\"seos-email\" value=\"\" size=\"50\" \/><\/p><p><div>Raison <span class='required'><\/span><br \/><\/div>\t\t<select style=\"width: 160px;\" name=\"seos_form_select\">\r\n\t\t\t<option value=\"\" selected=\"selected\"> <\/option>\r\n\t\t\t\t\t\t\t<option value=\"Recherche logement\" >Recherche logement<\/option>\t\t\t\t\t\t\t<option value=\"Estimation\" >Estimation<\/option>\t\t\t\t\t\t\t<option value=\"Vente\" >Vente<\/option>\t\t\t\t\t\t\t<option value=\"Autres\" >Autres<\/option>\t\t\t\t\t<\/select>\r\n\t<\/p><br \/><br \/><p><div>Texte <span class='required'><\/span><\/div><textarea rows=\"10\" cols=\"50\" name=\"seos-message\"><\/textarea><\/p><p> <br\/><input class=\"noselect\" type=\"text\" name=\"rand\" value=\"50+10\" readonly=\"readonly\" \/><label class=\"scf-sum\"> Entrez la somme ci-dessous <\/label><input type=\"text\" name=\"text\" value=\"\" \/> <span class='required'><\/span><\/p><p><input type=\"submit\" name=\"seos-submitted\" value=\"Envoyer\"><\/p><\/form>\n","protected":false},"excerpt":{"rendered":"","protected":false},"author":1,"featured_media":57,"parent":0,"menu_order":0,"comment_status":"closed","ping_status":"closed","template":"","meta":[],"yoast_head":"<!-- This site is optimized with the Yoast SEO plugin v18.4.1 - https:\/\/yoast.com\/wordpress\/plugins\/seo\/ -->\n<title>Contact - Esti immobilier<\/title>\n<meta name=\"robots\" content=\"index, follow, max-snippet:-1, max-image-preview:large, max-video-preview:-1\" \/>\n<link rel=\"canonical\" href=\"https:\/\/esti-immobilier.fr\/index.php\/contact\/\" \/>\n<meta property=\"og:locale\" content=\"fr_FR\" \/>\n<meta property=\"og:type\" content=\"article\" \/>\n<meta property=\"og:title\" content=\"Contact - Esti immobilier\" \/>\n<meta property=\"og:url\" content=\"https:\/\/esti-immobilier.fr\/index.php\/contact\/\" \/>\n<meta property=\"og:site_name\" content=\"Esti immobilier\" \/>\n<meta property=\"article:modified_time\" content=\"2019-02-06T18:10:22+00:00\" \/>\n<meta property=\"og:image\" content=\"https:\/\/esti-immobilier.fr\/wp-content\/uploads\/2019\/02\/bright-hotel-room-bed_4460x4460.jpg\" \/>\n\t<meta property=\"og:image:width\" content=\"4460\" \/>\n\t<meta property=\"og:image:height\" content=\"2973\" \/>\n\t<meta property=\"og:image:type\" content=\"image\/jpeg\" \/>\n<meta name=\"twitter:card\" content=\"summary_large_image\" \/>\n<script type=\"application\/ld+json\" class=\"yoast-schema-graph\">{\"@context\":\"https:\/\/schema.org\",\"@graph\":[{\"@type\":\"WebSite\",\"@id\":\"https:\/\/esti-immobilier.fr\/#website\",\"url\":\"https:\/\/esti-immobilier.fr\/\",\"name\":\"Esti immobilier\",\"description\":\"Achat - Vente - Location - Investissement\",\"potentialAction\":[{\"@type\":\"SearchAction\",\"target\":{\"@type\":\"EntryPoint\",\"urlTemplate\":\"https:\/\/esti-immobilier.fr\/?s={search_term_string}\"},\"query-input\":\"required name=search_term_string\"}],\"inLanguage\":\"fr-FR\"},{\"@type\":\"ImageObject\",\"@id\":\"https:\/\/esti-immobilier.fr\/index.php\/contact\/#primaryimage\",\"inLanguage\":\"fr-FR\",\"url\":\"https:\/\/esti-immobilier.fr\/wp-content\/uploads\/2019\/02\/bright-hotel-room-bed_4460x4460.jpg\",\"contentUrl\":\"https:\/\/esti-immobilier.fr\/wp-content\/uploads\/2019\/02\/bright-hotel-room-bed_4460x4460.jpg\",\"width\":4460,\"height\":2973},{\"@type\":\"WebPage\",\"@id\":\"https:\/\/esti-immobilier.fr\/index.php\/contact\/#webpage\",\"url\":\"https:\/\/esti-immobilier.fr\/index.php\/contact\/\",\"name\":\"Contact - Esti immobilier\",\"isPartOf\":{\"@id\":\"https:\/\/esti-immobilier.fr\/#website\"},\"primaryImageOfPage\":{\"@id\":\"https:\/\/esti-immobilier.fr\/index.php\/contact\/#primaryimage\"},\"datePublished\":\"2019-02-04T20:32:50+00:00\",\"dateModified\":\"2019-02-06T18:10:22+00:00\",\"breadcrumb\":{\"@id\":\"https:\/\/esti-immobilier.fr\/index.php\/contact\/#breadcrumb\"},\"inLanguage\":\"fr-FR\",\"potentialAction\":[{\"@type\":\"ReadAction\",\"target\":[\"https:\/\/esti-immobilier.fr\/index.php\/contact\/\"]}]},{\"@type\":\"BreadcrumbList\",\"@id\":\"https:\/\/esti-immobilier.fr\/index.php\/contact\/#breadcrumb\",\"itemListElement\":[{\"@type\":\"ListItem\",\"position\":1,\"name\":\"Accueil\",\"item\":\"https:\/\/esti-immobilier.fr\/\"},{\"@type\":\"ListItem\",\"position\":2,\"name\":\"Contact\"}]}]}<\/script>\n<!-- \/ Yoast SEO plugin. -->","yoast_head_json":{"title":"Contact - Esti immobilier","robots":{"index":"index","follow":"follow","max-snippet":"max-snippet:-1","max-image-preview":"max-image-preview:large","max-video-preview":"max-video-preview:-1"},"canonical":"https:\/\/esti-immobilier.fr\/index.php\/contact\/","og_locale":"fr_FR","og_type":"article","og_title":"Contact - Esti immobilier","og_url":"https:\/\/esti-immobilier.fr\/index.php\/contact\/","og_site_name":"Esti immobilier","article_modified_time":"2019-02-06T18:10:22+00:00","og_image":[{"width":4460,"height":2973,"url":"https:\/\/esti-immobilier.fr\/wp-content\/uploads\/2019\/02\/bright-hotel-room-bed_4460x4460.jpg","type":"image\/jpeg"}],"twitter_card":"summary_large_image","schema":{"@context":"https:\/\/schema.org","@graph":[{"@type":"WebSite","@id":"https:\/\/esti-immobilier.fr\/#website","url":"https:\/\/esti-immobilier.fr\/","name":"Esti immobilier","description":"Achat - Vente - Location - Investissement","potentialAction":[{"@type":"SearchAction","target":{"@type":"EntryPoint","urlTemplate":"https:\/\/esti-immobilier.fr\/?s={search_term_string}"},"query-input":"required name=search_term_string"}],"inLanguage":"fr-FR"},{"@type":"ImageObject","@id":"https:\/\/esti-immobilier.fr\/index.php\/contact\/#primaryimage","inLanguage":"fr-FR","url":"https:\/\/esti-immobilier.fr\/wp-content\/uploads\/2019\/02\/bright-hotel-room-bed_4460x4460.jpg","contentUrl":"https:\/\/esti-immobilier.fr\/wp-content\/uploads\/2019\/02\/bright-hotel-room-bed_4460x4460.jpg","width":4460,"height":2973},{"@type":"WebPage","@id":"https:\/\/esti-immobilier.fr\/index.php\/contact\/#webpage","url":"https:\/\/esti-immobilier.fr\/index.php\/contact\/","name":"Contact - Esti immobilier","isPartOf":{"@id":"https:\/\/esti-immobilier.fr\/#website"},"primaryImageOfPage":{"@id":"https:\/\/esti-immobilier.fr\/index.php\/contact\/#primaryimage"},"datePublished":"2019-02-04T20:32:50+00:00","dateModified":"2019-02-06T18:10:22+00:00","breadcrumb":{"@id":"https:\/\/esti-immobilier.fr\/index.php\/contact\/#breadcrumb"},"inLanguage":"fr-FR","potentialAction":[{"@type":"ReadAction","target":["https:\/\/esti-immobilier.fr\/index.php\/contact\/"]}]},{"@type":"BreadcrumbList","@id":"https:\/\/esti-immobilier.fr\/index.php\/contact\/#breadcrumb","itemListElement":[{"@type":"ListItem","position":1,"name":"Accueil","item":"https:\/\/esti-immobilier.fr\/"},{"@type":"ListItem","position":2,"name":"Contact"}]}]}},"_links":{"self":[{"href":"https:\/\/esti-immobilier.fr\/index.php\/wp-json\/wp\/v2\/pages\/18"}],"collection":[{"href":"https:\/\/esti-immobilier.fr\/index.php\/wp-json\/wp\/v2\/pages"}],"about":[{"href":"https:\/\/esti-immobilier.fr\/index.php\/wp-json\/wp\/v2\/types\/page"}],"author":[{"embeddable":true,"href":"https:\/\/esti-immobilier.fr\/index.php\/wp-json\/wp\/v2\/users\/1"}],"replies":[{"embeddable":true,"href":"https:\/\/esti-immobilier.fr\/index.php\/wp-json\/wp\/v2\/comments?post=18"}],"version-history":[{"count":3,"href":"https:\/\/esti-immobilier.fr\/index.php\/wp-json\/wp\/v2\/pages\/18\/revisions"}],"predecessor-version":[{"id":63,"href":"https:\/\/esti-immobilier.fr\/index.php\/wp-json\/wp\/v2\/pages\/18\/revisions\/63"}],"wp:featuredmedia":[{"embeddable":true,"href":"https:\/\/esti-immobilier.fr\/index.php\/wp-json\/wp\/v2\/media\/57"}],"wp:attachment":[{"href":"https:\/\/esti-immobilier.fr\/index.php\/wp-json\/wp\/v2\/media?parent=18"}],"curies":[{"name":"wp","href":"https:\/\/api.w.org\/{rel}","templated":true}]}}