{"id":17,"date":"2019-02-04T21:32:50","date_gmt":"2019-02-04T20:32:50","guid":{"rendered":"http:\/\/esti-immobilier.fr\/?page_id=17"},"modified":"2020-05-20T16:08:36","modified_gmt":"2020-05-20T14:08:36","slug":"transaction","status":"publish","type":"page","link":"https:\/\/esti-immobilier.fr\/index.php\/transaction\/","title":{"rendered":"Vos Objectifs sont Nos Priorit\u00e9s"},"content":{"rendered":"<p><span style=\"vertical-align: inherit;\"><span style=\"vertical-align: inherit;\"><span style=\"vertical-align: inherit;\"><span style=\"vertical-align: inherit;\">Notre \u00e9quipe se charge de la vente de votre bien afin de :<\/span><\/span><\/span><\/span><\/p>\n<ul>\n<li><span style=\"vertical-align: inherit;\"><span style=\"vertical-align: inherit;\"><span style=\"vertical-align: inherit;\"><span style=\"vertical-align: inherit;\">\u00a0Vendre au meilleur prix<\/span><\/span><\/span><\/span><\/li>\n<li style=\"text-align: left;\"><span style=\"vertical-align: inherit;\"><span style=\"vertical-align: inherit;\"><span style=\"vertical-align: inherit;\"><span style=\"vertical-align: inherit;\">\u00a0Dans les meilleurs d\u00e9lais<\/span><\/span><\/span><\/span><\/li>\n<li><span style=\"vertical-align: inherit;\"><span style=\"vertical-align: inherit;\"><span style=\"vertical-align: inherit;\"><span style=\"vertical-align: inherit;\">\u00a0En toute s\u00e9r\u00e9nit\u00e9<\/span><\/span><\/span><\/span><\/li>\n<\/ul>\n\n\n<p><\/p>\n","protected":false},"excerpt":{"rendered":"<p>Notre \u00e9quipe se charge de la vente de votre bien afin de : \u00a0Vendre au meilleur prix \u00a0Dans les meilleurs d\u00e9lais \u00a0En toute s\u00e9r\u00e9nit\u00e9<\/p>\n","protected":false},"author":1,"featured_media":58,"parent":0,"menu_order":0,"comment_status":"closed","ping_status":"closed","template":"","meta":[],"yoast_head":"<!-- This site is optimized with the Yoast SEO plugin v18.4.1 - https:\/\/yoast.com\/wordpress\/plugins\/seo\/ -->\n<title>Vos Objectifs sont Nos Priorit\u00e9s - Esti immobilier<\/title>\n<meta name=\"robots\" content=\"index, follow, max-snippet:-1, max-image-preview:large, max-video-preview:-1\" \/>\n<link rel=\"canonical\" href=\"https:\/\/esti-immobilier.fr\/index.php\/transaction\/\" \/>\n<meta property=\"og:locale\" content=\"fr_FR\" \/>\n<meta property=\"og:type\" content=\"article\" \/>\n<meta property=\"og:title\" content=\"Vos Objectifs sont Nos Priorit\u00e9s - Esti immobilier\" \/>\n<meta property=\"og:description\" content=\"Notre \u00e9quipe se charge de la vente de votre bien afin de : \u00a0Vendre au meilleur prix \u00a0Dans les meilleurs d\u00e9lais \u00a0En toute s\u00e9r\u00e9nit\u00e9\" \/>\n<meta property=\"og:url\" content=\"https:\/\/esti-immobilier.fr\/index.php\/transaction\/\" \/>\n<meta property=\"og:site_name\" content=\"Esti immobilier\" \/>\n<meta property=\"article:modified_time\" content=\"2020-05-20T14:08:36+00:00\" \/>\n<meta property=\"og:image\" content=\"https:\/\/esti-immobilier.fr\/wp-content\/uploads\/2019\/02\/loft-style-bedroom_4460x4460-1024x683.jpg\" \/>\n\t<meta property=\"og:image:width\" content=\"1024\" \/>\n\t<meta property=\"og:image:height\" content=\"683\" \/>\n\t<meta property=\"og:image:type\" content=\"image\/jpeg\" \/>\n<meta name=\"twitter:card\" content=\"summary_large_image\" \/>\n<script type=\"application\/ld+json\" class=\"yoast-schema-graph\">{\"@context\":\"https:\/\/schema.org\",\"@graph\":[{\"@type\":\"WebSite\",\"@id\":\"https:\/\/esti-immobilier.fr\/#website\",\"url\":\"https:\/\/esti-immobilier.fr\/\",\"name\":\"Esti immobilier\",\"description\":\"Achat - Vente - Location - Investissement\",\"potentialAction\":[{\"@type\":\"SearchAction\",\"target\":{\"@type\":\"EntryPoint\",\"urlTemplate\":\"https:\/\/esti-immobilier.fr\/?s={search_term_string}\"},\"query-input\":\"required name=search_term_string\"}],\"inLanguage\":\"fr-FR\"},{\"@type\":\"ImageObject\",\"@id\":\"https:\/\/esti-immobilier.fr\/index.php\/transaction\/#primaryimage\",\"inLanguage\":\"fr-FR\",\"url\":\"https:\/\/esti-immobilier.fr\/wp-content\/uploads\/2019\/02\/loft-style-bedroom_4460x4460.jpg\",\"contentUrl\":\"https:\/\/esti-immobilier.fr\/wp-content\/uploads\/2019\/02\/loft-style-bedroom_4460x4460.jpg\",\"width\":4460,\"height\":2973},{\"@type\":\"WebPage\",\"@id\":\"https:\/\/esti-immobilier.fr\/index.php\/transaction\/#webpage\",\"url\":\"https:\/\/esti-immobilier.fr\/index.php\/transaction\/\",\"name\":\"Vos Objectifs sont Nos Priorit\u00e9s - Esti immobilier\",\"isPartOf\":{\"@id\":\"https:\/\/esti-immobilier.fr\/#website\"},\"primaryImageOfPage\":{\"@id\":\"https:\/\/esti-immobilier.fr\/index.php\/transaction\/#primaryimage\"},\"datePublished\":\"2019-02-04T20:32:50+00:00\",\"dateModified\":\"2020-05-20T14:08:36+00:00\",\"breadcrumb\":{\"@id\":\"https:\/\/esti-immobilier.fr\/index.php\/transaction\/#breadcrumb\"},\"inLanguage\":\"fr-FR\",\"potentialAction\":[{\"@type\":\"ReadAction\",\"target\":[\"https:\/\/esti-immobilier.fr\/index.php\/transaction\/\"]}]},{\"@type\":\"BreadcrumbList\",\"@id\":\"https:\/\/esti-immobilier.fr\/index.php\/transaction\/#breadcrumb\",\"itemListElement\":[{\"@type\":\"ListItem\",\"position\":1,\"name\":\"Accueil\",\"item\":\"https:\/\/esti-immobilier.fr\/\"},{\"@type\":\"ListItem\",\"position\":2,\"name\":\"Vos Objectifs sont Nos Priorit\u00e9s\"}]}]}<\/script>\n<!-- \/ Yoast SEO plugin. -->","yoast_head_json":{"title":"Vos Objectifs sont Nos Priorit\u00e9s - Esti immobilier","robots":{"index":"index","follow":"follow","max-snippet":"max-snippet:-1","max-image-preview":"max-image-preview:large","max-video-preview":"max-video-preview:-1"},"canonical":"https:\/\/esti-immobilier.fr\/index.php\/transaction\/","og_locale":"fr_FR","og_type":"article","og_title":"Vos Objectifs sont Nos Priorit\u00e9s - Esti immobilier","og_description":"Notre \u00e9quipe se charge de la vente de votre bien afin de : \u00a0Vendre au meilleur prix \u00a0Dans les meilleurs d\u00e9lais \u00a0En toute s\u00e9r\u00e9nit\u00e9","og_url":"https:\/\/esti-immobilier.fr\/index.php\/transaction\/","og_site_name":"Esti immobilier","article_modified_time":"2020-05-20T14:08:36+00:00","og_image":[{"width":1024,"height":683,"url":"https:\/\/esti-immobilier.fr\/wp-content\/uploads\/2019\/02\/loft-style-bedroom_4460x4460-1024x683.jpg","type":"image\/jpeg"}],"twitter_card":"summary_large_image","schema":{"@context":"https:\/\/schema.org","@graph":[{"@type":"WebSite","@id":"https:\/\/esti-immobilier.fr\/#website","url":"https:\/\/esti-immobilier.fr\/","name":"Esti immobilier","description":"Achat - Vente - Location - Investissement","potentialAction":[{"@type":"SearchAction","target":{"@type":"EntryPoint","urlTemplate":"https:\/\/esti-immobilier.fr\/?s={search_term_string}"},"query-input":"required name=search_term_string"}],"inLanguage":"fr-FR"},{"@type":"ImageObject","@id":"https:\/\/esti-immobilier.fr\/index.php\/transaction\/#primaryimage","inLanguage":"fr-FR","url":"https:\/\/esti-immobilier.fr\/wp-content\/uploads\/2019\/02\/loft-style-bedroom_4460x4460.jpg","contentUrl":"https:\/\/esti-immobilier.fr\/wp-content\/uploads\/2019\/02\/loft-style-bedroom_4460x4460.jpg","width":4460,"height":2973},{"@type":"WebPage","@id":"https:\/\/esti-immobilier.fr\/index.php\/transaction\/#webpage","url":"https:\/\/esti-immobilier.fr\/index.php\/transaction\/","name":"Vos Objectifs sont Nos Priorit\u00e9s - Esti immobilier","isPartOf":{"@id":"https:\/\/esti-immobilier.fr\/#website"},"primaryImageOfPage":{"@id":"https:\/\/esti-immobilier.fr\/index.php\/transaction\/#primaryimage"},"datePublished":"2019-02-04T20:32:50+00:00","dateModified":"2020-05-20T14:08:36+00:00","breadcrumb":{"@id":"https:\/\/esti-immobilier.fr\/index.php\/transaction\/#breadcrumb"},"inLanguage":"fr-FR","potentialAction":[{"@type":"ReadAction","target":["https:\/\/esti-immobilier.fr\/index.php\/transaction\/"]}]},{"@type":"BreadcrumbList","@id":"https:\/\/esti-immobilier.fr\/index.php\/transaction\/#breadcrumb","itemListElement":[{"@type":"ListItem","position":1,"name":"Accueil","item":"https:\/\/esti-immobilier.fr\/"},{"@type":"ListItem","position":2,"name":"Vos Objectifs sont Nos Priorit\u00e9s"}]}]}},"_links":{"self":[{"href":"https:\/\/esti-immobilier.fr\/index.php\/wp-json\/wp\/v2\/pages\/17"}],"collection":[{"href":"https:\/\/esti-immobilier.fr\/index.php\/wp-json\/wp\/v2\/pages"}],"about":[{"href":"https:\/\/esti-immobilier.fr\/index.php\/wp-json\/wp\/v2\/types\/page"}],"author":[{"embeddable":true,"href":"https:\/\/esti-immobilier.fr\/index.php\/wp-json\/wp\/v2\/users\/1"}],"replies":[{"embeddable":true,"href":"https:\/\/esti-immobilier.fr\/index.php\/wp-json\/wp\/v2\/comments?post=17"}],"version-history":[{"count":17,"href":"https:\/\/esti-immobilier.fr\/index.php\/wp-json\/wp\/v2\/pages\/17\/revisions"}],"predecessor-version":[{"id":2261,"href":"https:\/\/esti-immobilier.fr\/index.php\/wp-json\/wp\/v2\/pages\/17\/revisions\/2261"}],"wp:featuredmedia":[{"embeddable":true,"href":"https:\/\/esti-immobilier.fr\/index.php\/wp-json\/wp\/v2\/media\/58"}],"wp:attachment":[{"href":"https:\/\/esti-immobilier.fr\/index.php\/wp-json\/wp\/v2\/media?parent=17"}],"curies":[{"name":"wp","href":"https:\/\/api.w.org\/{rel}","templated":true}]}}